{"id":6472,"date":"2025-01-21T22:09:08","date_gmt":"2025-01-21T13:09:08","guid":{"rendered":"https:\/\/www.trillonario.com\/blog\/?page_id=6472"},"modified":"2025-01-21T22:44:09","modified_gmt":"2025-01-21T13:44:09","slug":"politicas-de-privacidad","status":"publish","type":"page","link":"https:\/\/www.trillonario.com\/blog\/politicas-de-privacidad","title":{"rendered":"Politicas de privacidad"},"content":{"rendered":"<p>[et_pb_section fb_built=\u00bb1&#8243; module_class=\u00bbcontainer-tituloh1&#8243; _builder_version=\u00bb4.27.4&#8243; _module_preset=\u00bbdefault\u00bb use_background_color_gradient=\u00bbon\u00bb background_color_gradient_stops=\u00bb#2e2a35 0%|#15121a 29%|#15121a 50%|#15121a 100%\u00bb height=\u00bb20vh\u00bb custom_padding=\u00bb0px|0px|0px|0px|true|true\u00bb custom_css_free_form=\u00bb.container-tituloh1{||display:flex;||direction: column; ||}\u00bb global_colors_info=\u00bb{}\u00bb theme_builder_area=\u00bbpost_content\u00bb][et_pb_row _builder_version=\u00bb4.27.4&#8243; _module_preset=\u00bbdefault\u00bb custom_padding=\u00bb0px|0px|0px|0px|true|true\u00bb global_colors_info=\u00bb{}\u00bb theme_builder_area=\u00bbpost_content\u00bb][et_pb_column type=\u00bb4_4&#8243; _builder_version=\u00bb4.27.4&#8243; _module_preset=\u00bbdefault\u00bb global_colors_info=\u00bb{}\u00bb theme_builder_area=\u00bbpost_content\u00bb][et_pb_heading title=\u00bb@ET-DC@eyJkeW5hbWljIjp0cnVlLCJjb250ZW50IjoicG9zdF90aXRsZSIsInNldHRpbmdzIjp7ImJlZm9yZSI6IiIsImFmdGVyIjoiIn19@\u00bb _builder_version=\u00bb4.27.4&#8243; _dynamic_attributes=\u00bbtitle\u00bb _module_preset=\u00bbdefault\u00bb title_font=\u00bbLato|700|||||||\u00bb title_text_align=\u00bbcenter\u00bb title_text_color=\u00bb#FFFFFF\u00bb title_font_size=\u00bb2.5em\u00bb global_colors_info=\u00bb{}\u00bb theme_builder_area=\u00bbpost_content\u00bb][\/et_pb_heading][\/et_pb_column][\/et_pb_row][\/et_pb_section][et_pb_section fb_built=\u00bb1&#8243; theme_builder_area=\u00bbpost_content\u00bb _builder_version=\u00bb4.27.4&#8243; _module_preset=\u00bbdefault\u00bb custom_padding=\u00bb100px||100px||true|false\u00bb hover_enabled=\u00bb0&#8243; sticky_enabled=\u00bb0&#8243;][et_pb_row _builder_version=\u00bb4.27.4&#8243; _module_preset=\u00bbdefault\u00bb theme_builder_area=\u00bbpost_content\u00bb][et_pb_column _builder_version=\u00bb4.27.4&#8243; _module_preset=\u00bbdefault\u00bb type=\u00bb4_4&#8243; theme_builder_area=\u00bbpost_content\u00bb][et_pb_text _builder_version=\u00bb4.27.4&#8243; _module_preset=\u00bbdefault\u00bb theme_builder_area=\u00bbpost_content\u00bb hover_enabled=\u00bb0&#8243; sticky_enabled=\u00bb0&#8243; text_font=\u00bb&#8211;et_global_body_font||||||||\u00bb text_line_height=\u00bb1.8em\u00bb header_2_font=\u00bbLato|700|||||||\u00bb header_2_font_size=\u00bb1.2em\u00bb text_font_size=\u00bb1.2em\u00bb]<\/p>\n<p class=\"weight-500 title-section\"><span style=\"font-size: 16px;\"><\/span><\/p>\n<p class=\"weight-500 title-section\"><span style=\"font-size: 16px;\">Gracias por visitar <\/span><span style=\"font-size: 16px;\"><u><a class=\"western\" href=\"https:\/\/www.wintrillions.com\/\" target=\"_blank\" rel=\"noopener\">www.wintrillions.com<\/a><\/u><\/span><span style=\"font-size: 16px;\">;\u00a0<\/span><span style=\"font-size: 16px;\"><u><a class=\"western\" href=\"http:\/\/www.trillonario.com\/\">www.trillonario.com<\/a><\/u><\/span><span style=\"font-size: 16px;\">;\u00a0<\/span><span style=\"font-size: 16px;\"><u><a class=\"western\" href=\"http:\/\/www.lottokings.com\/\" target=\"_blank\" rel=\"noopener\">www.lottokings.com<\/a><\/u><\/span><span style=\"font-size: 16px;\">; www.lotosena.com y otros sitios relacionados (\u201cel sitio web\u201d).\u00a0<\/span><span style=\"font-size: 16px;\">Nosotros tomamos seriamente la protecci\u00f3n de su\u00a0<\/span><span style=\"font-size: 16px;\">privacidad online. Implementamos procedimientos f\u00edsicos, electr\u00f3nicos y administrativos adecuados para proteger y prevenir accesos sin autorizaci\u00f3n a la informaci\u00f3n que mantenemos en nuestro sistema. <\/span>Esta Declaraci\u00f3n de Privacidad explica nuestra visi\u00f3n y pr\u00e1cticas acerca la privacidad, y como \u00e9sta puede referirse a usted como un usuario de nuestro sistema.<\/p>\n<p class=\"weight-500 title-section\">\u201cUsted\u201d y \u201cSu\u201d significan usted, el cliente, como participante o usuario del sitio web.<\/p>\n<div _ngcontent-ng-multisite-demystified-c228=\"\" class=\"lotto-detail-about-description md-wrap relative margin-auto\">\n<p><span>\u201cNosotros\u201d y \u201cNuestro\u201d significan Legacy Eight Cura\u00e7ao N.V., una empresa constituida bajo las leyes de Cura\u00e7ao con el n\u00famero de registro 139031 y que cuenta con un Certificado de Operaci\u00f3n v\u00e1lido. Legacy Eight Cura\u00e7ao N.V\u00a0opera los sitios web www.wintrillions.com; www.trillonario.com; www.lottokings.com; www.lotosena.com y otros sitios web relacionados.<\/span><\/p>\n<p><span>\u00abNuestro sitio\u00bb, \u00abWintrillions\u00bb, \u00absitio\u201d, y \u00absitio web\u00bb significan www.wintrillions.com; www.trillonario.com; www.lottokings.com; www.lotosena.com y otros sitios web relacionados.<\/span><\/p>\n<p><span>Toda la informaci\u00f3n transmitida, impresa o enviada por cualquier medio a trav\u00e9s de este sitio web se considerar\u00e1 de nuestra propiedad y seremos libres de usar dicha informaci\u00f3n para cualquier prop\u00f3sito legal como se detalla en este documento.<\/span><\/p>\n<p><span>Este sitio web contiene links a otros sitios y no somos responsables por las pol\u00edticas de privacidad o los contenidos de dichos sitios.<\/span><\/p>\n<p><span>Nosotros nos reservamos el derecho de liberar dicha informaci\u00f3n bajo cualquier cooperaci\u00f3n con la Justicia o cualquier oficial gubernamental ya que nosotros, en nuestra completa y absoluta discreci\u00f3n, vemos como necesario el cumplimiento con la ley.<\/span><\/p>\n<p><span><\/span><\/p>\n<h2><span>SECCI\u00d3N 1. INFORMACI\u00d3N RECOLECTADA<\/span><\/h2>\n<p><span><\/span><\/p>\n<p><span>Nosotros autom\u00e1ticamente recolectamos y\/o llevamos registro de lo siguiente:<\/span><br \/><span>1. Titulares http de P\u00e1gina Web (Nombres de dominios de servers locales, direcciones de IP, tipo de computadora cliente y tipo de Navegador de Internet);<\/span><br \/><span>2. Informaci\u00f3n provista por usted a trav\u00e9s de formularios on-line, formularios de registro, encuestas, y\/o otras entradas como pueden ser direcciones de email, informaci\u00f3n personal, financiera o demogr\u00e1fica;<\/span><br \/><span>3. Informaci\u00f3n, especifica del usuario o agregada, sobre cu\u00e1les p\u00e1ginas nuestros visitantes acceden; y<\/span><br \/><span>4. Direcciones de email de visitantes que se comunican con\u00a0<\/span><span>nosotros<\/span><span>\u00a0v\u00eda email.<\/span><\/p>\n<p><span><\/span><\/p>\n<h2><span>SECCI\u00d3N 2. USO DE LA INFORMACI\u00d3N RECOLECTADA<\/span><\/h2>\n<p><span><\/span><\/p>\n<p><span>Nosotros utilizamos su informaci\u00f3n personal, demogr\u00e1fica y de perfil para mejorar su experiencia en nuestro sitio web y que nos permite presentarle contenido que nosotros pensamos que podr\u00eda de ser de su inter\u00e9s. Nosotros utilizamos su informaci\u00f3n de contacto para enviarle a usted informaci\u00f3n acerca de nuestra compa\u00f1\u00eda y material promocional acerca de nuestros partners. Nosotros podemos tambi\u00e9n utilizar su informaci\u00f3n personal, demogr\u00e1fica y de perfil para mejorar nuestro sitio web, para an\u00e1lisis estad\u00edstico, para prop\u00f3sitos de marketing y promocionales, y para prop\u00f3sitos editoriales o de feedback para nuestros anunciantes. Informaci\u00f3n recolectada por nosotros podr\u00e1 ser agregada a nuestra base de datos y utilizada para futuro telemarketing, campa\u00f1as de mensajes de texto, emails o correos postales con respecto a actualizaciones del sitio web, nuevos productos y servicios, eventos a realizarse y\/o estados de las \u00f3rdenes realizadas online. Al utilizar este sitio web, usted acepta que puede ser contactado de cualquier forma contemplada en esta secci\u00f3n, inclusive cuando su n\u00famero se encuentra en un registro de no llamar, lista interna, o registro similar.<\/span><\/p>\n<p><span><\/span><\/p>\n<h2><span>SECCI\u00d3N 3. REVELACI\u00d3N DE INFORMACI\u00d3N A TERCEROS<\/span><\/h2>\n<p><span><\/span><\/p>\n<p><span>Si usted decide de proveer informaci\u00f3n personal, \u00e9sta ser\u00e1 utilizada con los siguientes prop\u00f3sitos:<\/span><\/p>\n<p><span>1. Considerarlo para uno de nuestros productos.<\/span><\/p>\n<p><span>2. Para requerimientos legales; y p<\/span><span>ara productos y servicios de marketing que nosotros determinemos, en nuestro juicio exclusivo, que puedan ser de su inter\u00e9s. Nosotros nos reservamos el derecho de compartir, alquilar, vender o revelar informaci\u00f3n que ser\u00e1 revisada por nosotros, determinadas por nosotros como de confianza, y se utilizar\u00e1 informaci\u00f3n personal para productos y servicios que determinemos, en nuestro juicio exclusivo, que puede ser de su inter\u00e9s.<\/span><\/p>\n<p><span><\/span><\/p>\n<h2><span>SECCI\u00d3N 4. SUS DERECHOS DE OPTAR POR NO HACERLO<\/span><\/h2>\n<p><span><\/span><\/p>\n<p><span>Usted puede optar por no recibir comunicaciones de parte nuestra o de nuestros partners al no enviar su informaci\u00f3n. Asimismo permitimos que usted remueva su informaci\u00f3n de las listas de marketing. Si usted remueve su informaci\u00f3n de las listas de marketing, la misma no continuar\u00e1 siendo utilizada para enviarle correspondencia promocional a usted. Usted puede remover su informaci\u00f3n de nuestras listas de marketing enviando su solicitud por v\u00eda email a\u00a0<\/span><a class=\"western\" href=\"mailto:info@Wintrillions.com\"><span><u>info@Wintrillions.com<\/u><\/span><\/a><span>.<\/span><\/p>\n<h2><span>SECCI\u00d3N 5. NO ES NUESTRA INTENCI\u00d3N RECOLECTAR INFORMACI\u00d3N DE MENORES<\/span><\/h2>\n<p><span>La informaci\u00f3n o servicios provistos a nosotros o nuestros afiliados, sponsors o anunciantes no tienen como intenci\u00f3n ser vista por menores (menores de 18 a\u00f1os de edad). Ninguna informaci\u00f3n recolectada de menores es utilizada intencionalmente para cualquier prop\u00f3sito de marketing o promocional de cualquier tipo, ya sea internamente o externamente al sitio web. Ninguna parte del sitio web est\u00e1 estructurado para atraer a menores de 18 a\u00f1os.<\/span><\/p>\n<h2><span>SECCI\u00d3N 6. NUESTRO DERECHO A CONTACTARLO A USTED<\/span><\/h2>\n<p><span>Nos reservamos el derecho de contactarlo respecto a su estado de cuenta o cambios en los terminos de suscripci\u00f3n, pol\u00edtica de privacidad o cualquier otra pol\u00edtica o acuerdos relevantes para usted.<\/span><\/p>\n<h2><span>SECCI\u00d3N 7. NUESTRO DERECHO A CAMBIAR<\/span><\/h2>\n<p><span>Nos reservamos el derecho de cambiar esta pol\u00edtica en cualquier momento notific\u00e1ndolo de la existencia y ubicaci\u00f3n de la nueva o revisada pol\u00edtica de privacidad o posteando online los cambios en nuestro sitio web.<\/span><\/p>\n<h2><span>SECCI\u00d3N 8. NUESTRA INFORMACI\u00d3N DE CONTACTO<\/span><\/h2>\n<p><span>Si usted tiene alguna duda o pregunta acerca esta declaraci\u00f3n de privacidad, las pr\u00e1cticas de nuestro sitio web o su relaci\u00f3n con este, puede contactarnos v\u00eda email en:\u00a0<\/span><a class=\"western\" href=\"mailto:info@Wintrillions.com\"><span><u>info@Wintrillions.com<\/u><\/span><\/a><span>.<\/span><\/p>\n<h2><span>SECCI\u00d3N 9. POL\u00cdTICA ANTI SPAM. CUMPLIMIENTO CON EL CAN-SPAM ACT<\/span><\/h2>\n<p><span>Nosotros damos<\/span><span>\u00a0cumplimiento al \u201cCan-Spam Act\u201d, que tuvo efecto en Enero 1, 2004.<\/span><\/p>\n<p><span>Usted puede recibir email de\u00a0<\/span><span>nosotros bajo las sig<\/span><span>uientes circunstancias:<\/span><\/p>\n<p><span>1. Confirmando que su aplicaci\u00f3n ha sido recibida y solicitando informaci\u00f3n adicional.<\/span><br \/><span>2. Solicitudes para informaci\u00f3n adicional para apoyar a su aplicaci\u00f3n actual.<\/span><br \/><span>3. En respuesta a sus inquietudes con respecto a su estado de cuenta, fechas de pago, solicitudes de extensiones y otras solicitudes de transacciones.<\/span><br \/><span>4. En agradecimiento por su valorada compra.<\/span><br \/><span>5. Avisos de nuestros productos, servicios, cambios en servicios y nueva disponibilidad de productos.<\/span><br \/><span>6. Avisos de productos y servicios de terceros que hemos determinado que dicho producto o servicio puede ser del inter\u00e9s de nuestros clientes.<\/span><\/p>\n<p><span>Para asegurar el cumplimiento con el Can-Spam Act, hemos implementado las siguientes pautas en el env\u00edo de emails:<\/span><\/p>\n<p><span>1. Todos los emails enviados a usted por\u00a0<\/span><span>nosotros<\/span><span>\u00a0identificar\u00e1n claramente a<\/span><span>l sitio web<\/span><span>\u00a0como el remitente. Ejemplo: DE \/ REMITENTE:\u00a0<\/span><span>Wintrillions.com<\/span><br \/><span>2. El Asunto de cada email que usted reciba siempre va a describir de manera acertada el asunto principal del email.<\/span><br \/><span>3. Cualquier email de\u00a0<\/span><span>nosotros<\/span><span>\u00a0va a incluir la posibilidad de desuscribirse de futuros mensajes por email.<\/span><br \/><span>4. Desuscribirse asegura que el cliente es removido de TODAS nuestras listas; esto excluye los emails de Atenci\u00f3n al Cliente con respecto al proceso y estado del producto actual.<\/span><br \/><span>5. Emails con avisos nuestros incluyen informaci\u00f3n acerca de que el email es publicidad, ya sea en el cuerpo o en el pie del email.<\/span><br \/><span>6. Todos los emails enviados a usted directamente por nosotros incluyen informaci\u00f3n postal v\u00e1lida en el pie.<\/span><br \/><span>7. Todos los partners en marketing que sean terceros, requieren que cumplan con el Can-Spam Act.<\/span><br \/><span>8. Emails enviados a usted directamente por\u00a0<\/span><span>nosotros<\/span><span>\u00a0incluir\u00e1n una direcci\u00f3n de email y una direcci\u00f3n f\u00edsica en donde usted puede enviar sus sugerencias, quejas y otra correspondencia.<\/span><\/p>\n<h2><span>SECCI\u00d3N 10. INFORMACI\u00d3N PARA LOS PROVEEDORES DE SERVICIOS DE INTERNET (ISPS)<\/span><\/h2>\n<p><span>Web site: visitar\u00a0<\/span><span><u><a class=\"western\" href=\"https:\/\/www.wintrillions.com\/\" target=\"_blank\" rel=\"noopener\">www.wintrillions.com<\/a><\/u><\/span><span>;\u00a0<\/span><span><u><a class=\"western\" href=\"http:\/\/www.trillonario.com\/\">www.trillonario.com<\/a><\/u><\/span><span>;\u00a0<\/span><span><u><a class=\"western\" href=\"http:\/\/www.lottokings.com\/\" target=\"_blank\" rel=\"noopener\">www.lottokings.com<\/a><\/u><\/span><span>; www.lotosena.com y otros sitios relacionados (\u201cel sitio web\u201d).<\/span><\/p>\n<p><span>Direcci\u00f3n de Email: info@Wintrillions.com<\/span><\/p>\n<p><span>Nosotros entendemos<\/span><span>\u00a0las preocupaciones de nuestros clientes acerca del uso de la informaci\u00f3n personal. Esperamos que esta informaci\u00f3n pueda aliviar cualquier preocupaci\u00f3n acerca de nuestras pol\u00edticas de email.\u00a0<\/span><span>El sitio web<\/span><span>\u00a0solo utiliza m\u00e9todos optativos para obtener informaci\u00f3n de sus clientes, y no es nuestra pol\u00edtica enviar emails no deseados. Asimismo, obtenemos direcciones de email a trav\u00e9s de terceros que siguen los mismos est\u00e1ndares. Nuestros emails incluyen la siguiente informaci\u00f3n acerca de su origen e incluyen instrucciones de c\u00f3mo se puede hacer para no recibir futuros mensajes por email:<\/span><\/p>\n<p><span>Este email no es enviado sin solicitud. Este es un email de\u00a0<\/span><span>\u201cnombre del sitio web\u201d<\/span><span>. Las ofertas son enviadas a los suscriptores SOLAMENTE.<\/span><\/p>\n<p><span>La direcci\u00f3n de email con la que usted esta suscripto es: youremail@example.com<\/span><\/p>\n<p><span>Para ser removido de nuestra lista, env\u00ede un email a\u00a0<\/span><a href=\"mailto:info@wintrillions.com\"><u>info@wintrillions.com<\/u><\/a><\/p>\n<p><span>En ocasiones,\u00a0<\/span><span>vamos<\/span><span>\u00a0a establecer acuerdos con sitios de terceros, para permitir a sus clientes ingresar a nuestro programa de marketing. En cada caso dichos sitios de terceros nos han representado y garantizado entre otras cosas,<\/span><\/p>\n<p><span>1. que la informaci\u00f3n fue recolectada de forma voluntaria a trav\u00e9s de registraciones y co-registraciones,<\/span><br \/><span>2. que los vendedores tienen el derecho, bajo cualquier declaraci\u00f3n de privacidad aplicable, a transferirnos la informaci\u00f3n,<\/span><br \/><span>3. que\u00a0<\/span><span>tenemos<\/span><span>\u00a0el derecho de enviar ofertas de marketing a dichos clientes.<\/span><\/p>\n<p><span>Esperamos que esta informaci\u00f3n satisfaga cualquier pregunta o preocupaci\u00f3n que usted pudiera llegar a tener acerca de las pr\u00e1cticas de env\u00edo de emails. Si usted tiene cualquier pregunta adicional o desea hablar en profundidad el tema, por favor cont\u00e1ctenos a info@Wintrillions.com.<\/span><\/p>\n<h2><span>SECCI\u00d3N 11. COOKIES<\/span><\/h2>\n<p><span>Para mejorar su experiencia en nuestro sitio web, muchas de nuestras p\u00e1ginas utilizan \u201ccookies\u201d. Las Cookies son peque\u00f1os bits de informaci\u00f3n que son almacenados en su computadora. Las Cookies no nos proveen informaci\u00f3n personal alguna que lo pueda identificar pero permiten que su navegaci\u00f3n en nuestro sitio web sea m\u00e1s disfrutable.<\/span><\/p>\n<\/div>\n<p>[\/et_pb_text][\/et_pb_column][\/et_pb_row][\/et_pb_section]<\/p>\n","protected":false},"excerpt":{"rendered":"<p>Gracias por visitar www.wintrillions.com;\u00a0www.trillonario.com;\u00a0www.lottokings.com; www.lotosena.com y otros sitios relacionados (\u201cel sitio web\u201d).\u00a0Nosotros tomamos seriamente la protecci\u00f3n de su\u00a0privacidad online. Implementamos procedimientos f\u00edsicos, electr\u00f3nicos y administrativos adecuados para proteger y prevenir accesos sin autorizaci\u00f3n a la informaci\u00f3n que mantenemos en nuestro sistema. Esta Declaraci\u00f3n de Privacidad explica nuestra visi\u00f3n y pr\u00e1cticas acerca la privacidad, y como [&hellip;]<\/p>\n","protected":false},"author":3,"featured_media":0,"parent":0,"menu_order":0,"comment_status":"closed","ping_status":"closed","template":"","meta":{"_acf_changed":false,"_et_pb_use_builder":"on","_et_pb_old_content":"","_et_gb_content_width":"","_glsr_average":0,"_glsr_ranking":0,"_glsr_reviews":0,"footnotes":""},"class_list":["post-6472","page","type-page","status-publish","hentry"],"acf":[],"_links":{"self":[{"href":"https:\/\/www.trillonario.com\/blog\/wp-json\/wp\/v2\/pages\/6472","targetHints":{"allow":["GET"]}}],"collection":[{"href":"https:\/\/www.trillonario.com\/blog\/wp-json\/wp\/v2\/pages"}],"about":[{"href":"https:\/\/www.trillonario.com\/blog\/wp-json\/wp\/v2\/types\/page"}],"author":[{"embeddable":true,"href":"https:\/\/www.trillonario.com\/blog\/wp-json\/wp\/v2\/users\/3"}],"replies":[{"embeddable":true,"href":"https:\/\/www.trillonario.com\/blog\/wp-json\/wp\/v2\/comments?post=6472"}],"version-history":[{"count":7,"href":"https:\/\/www.trillonario.com\/blog\/wp-json\/wp\/v2\/pages\/6472\/revisions"}],"predecessor-version":[{"id":6485,"href":"https:\/\/www.trillonario.com\/blog\/wp-json\/wp\/v2\/pages\/6472\/revisions\/6485"}],"wp:attachment":[{"href":"https:\/\/www.trillonario.com\/blog\/wp-json\/wp\/v2\/media?parent=6472"}],"curies":[{"name":"wp","href":"https:\/\/api.w.org\/{rel}","templated":true}]}}